{"id":20,"date":"2022-05-26T20:36:41","date_gmt":"2022-05-26T18:36:41","guid":{"rendered":"https:\/\/pov-tec.de\/?page_id=20"},"modified":"2024-04-17T14:36:13","modified_gmt":"2024-04-17T12:36:13","slug":"contact-us","status":"publish","type":"page","link":"https:\/\/pov-tec.de\/?page_id=20","title":{"rendered":"Contact Us"},"content":{"rendered":"\t\t<div data-elementor-type=\"wp-page\" data-elementor-id=\"20\" class=\"elementor elementor-20\">\n\t\t\t\t\t\t<section class=\"elementor-section elementor-top-section elementor-element elementor-element-7f3bf0c elementor-section-height-min-height elementor-section-items-stretch elementor-section-content-middle elementor-section-boxed elementor-section-height-default\" data-id=\"7f3bf0c\" data-element_type=\"section\">\n\t\t\t\t\t\t<div class=\"elementor-container elementor-column-gap-no\">\n\t\t\t\t\t<div class=\"elementor-column elementor-col-100 elementor-top-column elementor-element elementor-element-7b12ce43\" data-id=\"7b12ce43\" data-element_type=\"column\">\n\t\t\t<div class=\"elementor-widget-wrap elementor-element-populated\">\n\t\t\t\t\t\t<div class=\"elementor-element elementor-element-4ecc2c97 elementor-widget__width-initial elementor-invisible elementor-widget elementor-widget-heading\" data-id=\"4ecc2c97\" data-element_type=\"widget\" data-settings=\"{&quot;_animation&quot;:&quot;fadeIn&quot;}\" data-widget_type=\"heading.default\">\n\t\t\t\t<div class=\"elementor-widget-container\">\n\t\t\t\t\t<h2 class=\"elementor-heading-title elementor-size-default\">Nehmen Sie Kontakt auf<\/h2>\t\t\t\t<\/div>\n\t\t\t\t<\/div>\n\t\t\t\t<div class=\"elementor-element elementor-element-2d09150c elementor-widget elementor-widget-text-editor\" data-id=\"2d09150c\" data-element_type=\"widget\" data-widget_type=\"text-editor.default\">\n\t\t\t\t<div class=\"elementor-widget-container\">\n\t\t\t\t\t\t\t\t\t<p>Wir k\u00fcmmern uns schnellst m\u00f6glich um Ihr anliegen<\/p>\t\t\t\t\t\t\t\t<\/div>\n\t\t\t\t<\/div>\n\t\t\t\t\t<\/div>\n\t\t<\/div>\n\t\t\t\t\t<\/div>\n\t\t<\/section>\n\t\t\t\t<section class=\"elementor-section elementor-top-section elementor-element elementor-element-5cc5b335 elementor-section-content-middle elementor-reverse-mobile elementor-section-height-min-height elementor-section-items-stretch elementor-section-boxed elementor-section-height-default\" data-id=\"5cc5b335\" data-element_type=\"section\">\n\t\t\t\t\t\t<div class=\"elementor-container elementor-column-gap-no\">\n\t\t\t\t\t<div class=\"elementor-column elementor-col-50 elementor-top-column elementor-element elementor-element-49818f75\" data-id=\"49818f75\" data-element_type=\"column\" data-settings=\"{&quot;background_background&quot;:&quot;classic&quot;}\">\n\t\t\t<div class=\"elementor-widget-wrap elementor-element-populated\">\n\t\t\t\t\t\t<div class=\"elementor-element elementor-element-5e132f2f elementor-widget elementor-widget-image\" data-id=\"5e132f2f\" data-element_type=\"widget\" data-widget_type=\"image.default\">\n\t\t\t\t<div class=\"elementor-widget-container\">\n\t\t\t\t\t\t\t\t\t\t\t\t\t\t\t<img fetchpriority=\"high\" decoding=\"async\" width=\"768\" height=\"433\" src=\"https:\/\/pov-tec.de\/wp-content\/uploads\/2022\/05\/raisting-3930778-scaled-e1713434563824-768x433.webp\" class=\"attachment-medium_large size-medium_large wp-image-137\" alt=\"\" srcset=\"https:\/\/pov-tec.de\/wp-content\/uploads\/2022\/05\/raisting-3930778-scaled-e1713434563824-768x433.webp 768w, https:\/\/pov-tec.de\/wp-content\/uploads\/2022\/05\/raisting-3930778-scaled-e1713434563824-300x169.webp 300w, https:\/\/pov-tec.de\/wp-content\/uploads\/2022\/05\/raisting-3930778-scaled-e1713434563824-1024x577.webp 1024w, https:\/\/pov-tec.de\/wp-content\/uploads\/2022\/05\/raisting-3930778-scaled-e1713434563824-1536x865.webp 1536w, https:\/\/pov-tec.de\/wp-content\/uploads\/2022\/05\/raisting-3930778-scaled-e1713434563824-2048x1154.webp 2048w\" sizes=\"(max-width: 768px) 100vw, 768px\" \/>\t\t\t\t\t\t\t\t\t\t\t\t\t\t\t<\/div>\n\t\t\t\t<\/div>\n\t\t\t\t\t<\/div>\n\t\t<\/div>\n\t\t\t\t<div class=\"elementor-column elementor-col-50 elementor-top-column elementor-element elementor-element-fec0587\" data-id=\"fec0587\" data-element_type=\"column\">\n\t\t\t<div class=\"elementor-widget-wrap elementor-element-populated\">\n\t\t\t\t\t\t<div class=\"elementor-element elementor-element-748723ee elementor-widget elementor-widget-text-editor\" data-id=\"748723ee\" data-element_type=\"widget\" data-widget_type=\"text-editor.default\">\n\t\t\t\t<div class=\"elementor-widget-container\">\n\t\t\t\t\t\t\t\t\t<p><strong>Adresse:<\/strong><\/p><p>Alte Traubinger Stra\u00dfe 17<\/p><p>82340 Garatshausen<\/p><p><strong>Telefon:<\/strong>\u00a0 +49 89 269 49 400<\/p><p><strong>Email:<\/strong>\u00a0\u00a0\u00a0 \u00a0 <a href=\"mailto:kontakt@pov-tec.de\">kontakt@pov-tec.de<\/a><\/p>\t\t\t\t\t\t\t\t<\/div>\n\t\t\t\t<\/div>\n\t\t\t\t\t<\/div>\n\t\t<\/div>\n\t\t\t\t\t<\/div>\n\t\t<\/section>\n\t\t\t\t<\/div>\n\t\t","protected":false},"excerpt":{"rendered":"<p>Nehmen Sie Kontakt auf Wir k\u00fcmmern uns schnellst m\u00f6glich um Ihr anliegen Adresse: Alte Traubinger Stra\u00dfe 17 82340 Garatshausen Telefon:\u00a0 +49 89 269 49 400 Email:\u00a0\u00a0\u00a0 \u00a0 kontakt@pov-tec.de<\/p>\n","protected":false},"author":1,"featured_media":0,"parent":0,"menu_order":0,"comment_status":"closed","ping_status":"closed","template":"elementor_header_footer","meta":{"footnotes":""},"yoast_head":"<!-- This site is optimized with the Yoast SEO plugin v22.7 - https:\/\/yoast.com\/wordpress\/plugins\/seo\/ -->\n<title>Contact Us - Point of View Technology e.K.<\/title>\n<meta name=\"robots\" content=\"index, follow, max-snippet:-1, max-image-preview:large, max-video-preview:-1\" \/>\n<link rel=\"canonical\" href=\"https:\/\/pov-tec.de\/?page_id=20\" \/>\n<meta property=\"og:locale\" content=\"de_DE\" \/>\n<meta property=\"og:type\" content=\"article\" \/>\n<meta property=\"og:title\" content=\"Contact Us - Point of View Technology e.K.\" \/>\n<meta property=\"og:description\" content=\"Nehmen Sie Kontakt auf Wir k\u00fcmmern uns schnellst m\u00f6glich um Ihr anliegen Adresse: Alte Traubinger Stra\u00dfe 17 82340 Garatshausen Telefon:\u00a0 +49 89 269 49 400 Email:\u00a0\u00a0\u00a0 \u00a0 kontakt@pov-tec.de\" \/>\n<meta property=\"og:url\" content=\"https:\/\/pov-tec.de\/?page_id=20\" \/>\n<meta property=\"og:site_name\" content=\"Point of View Technology e.K.\" \/>\n<meta property=\"article:modified_time\" content=\"2024-04-17T12:36:13+00:00\" \/>\n<meta property=\"og:image\" content=\"https:\/\/pov-tec.de\/wp-content\/uploads\/2022\/05\/raisting-3930778-scaled-e1653658901261-768x510.webp\" \/>\n<meta name=\"twitter:card\" content=\"summary_large_image\" \/>\n<meta name=\"twitter:label1\" content=\"Gesch\u00e4tzte Lesezeit\" \/>\n\t<meta name=\"twitter:data1\" content=\"1\u00a0Minute\" \/>\n<script type=\"application\/ld+json\" class=\"yoast-schema-graph\">{\"@context\":\"https:\/\/schema.org\",\"@graph\":[{\"@type\":\"WebPage\",\"@id\":\"https:\/\/pov-tec.de\/?page_id=20\",\"url\":\"https:\/\/pov-tec.de\/?page_id=20\",\"name\":\"Contact Us - Point of View Technology e.K.\",\"isPartOf\":{\"@id\":\"https:\/\/pov-tec.de\/#website\"},\"primaryImageOfPage\":{\"@id\":\"https:\/\/pov-tec.de\/?page_id=20#primaryimage\"},\"image\":{\"@id\":\"https:\/\/pov-tec.de\/?page_id=20#primaryimage\"},\"thumbnailUrl\":\"https:\/\/pov-tec.de\/wp-content\/uploads\/2022\/05\/raisting-3930778-scaled-e1653658901261-768x510.webp\",\"datePublished\":\"2022-05-26T18:36:41+00:00\",\"dateModified\":\"2024-04-17T12:36:13+00:00\",\"breadcrumb\":{\"@id\":\"https:\/\/pov-tec.de\/?page_id=20#breadcrumb\"},\"inLanguage\":\"de\",\"potentialAction\":[{\"@type\":\"ReadAction\",\"target\":[\"https:\/\/pov-tec.de\/?page_id=20\"]}]},{\"@type\":\"ImageObject\",\"inLanguage\":\"de\",\"@id\":\"https:\/\/pov-tec.de\/?page_id=20#primaryimage\",\"url\":\"https:\/\/pov-tec.de\/wp-content\/uploads\/2022\/05\/raisting-3930778-scaled-e1653658901261-768x510.webp\",\"contentUrl\":\"https:\/\/pov-tec.de\/wp-content\/uploads\/2022\/05\/raisting-3930778-scaled-e1653658901261-768x510.webp\"},{\"@type\":\"BreadcrumbList\",\"@id\":\"https:\/\/pov-tec.de\/?page_id=20#breadcrumb\",\"itemListElement\":[{\"@type\":\"ListItem\",\"position\":1,\"name\":\"Startseite\",\"item\":\"https:\/\/pov-tec.de\/\"},{\"@type\":\"ListItem\",\"position\":2,\"name\":\"Contact Us\"}]},{\"@type\":\"WebSite\",\"@id\":\"https:\/\/pov-tec.de\/#website\",\"url\":\"https:\/\/pov-tec.de\/\",\"name\":\"Point of View Technology e.K.\",\"description\":\"Ihr IT Partner aus dem Oberland\",\"publisher\":{\"@id\":\"https:\/\/pov-tec.de\/#organization\"},\"potentialAction\":[{\"@type\":\"SearchAction\",\"target\":{\"@type\":\"EntryPoint\",\"urlTemplate\":\"https:\/\/pov-tec.de\/?s={search_term_string}\"},\"query-input\":\"required name=search_term_string\"}],\"inLanguage\":\"de\"},{\"@type\":\"Organization\",\"@id\":\"https:\/\/pov-tec.de\/#organization\",\"name\":\"Point of View Technology\",\"url\":\"https:\/\/pov-tec.de\/\",\"logo\":{\"@type\":\"ImageObject\",\"inLanguage\":\"de\",\"@id\":\"https:\/\/pov-tec.de\/#\/schema\/logo\/image\/\",\"url\":\"https:\/\/pov-tec.de\/wp-content\/uploads\/2022\/05\/logo-horizont-black.svg\",\"contentUrl\":\"https:\/\/pov-tec.de\/wp-content\/uploads\/2022\/05\/logo-horizont-black.svg\",\"width\":1,\"height\":1,\"caption\":\"Point of View Technology\"},\"image\":{\"@id\":\"https:\/\/pov-tec.de\/#\/schema\/logo\/image\/\"}}]}<\/script>\n<!-- \/ Yoast SEO plugin. -->","yoast_head_json":{"title":"Contact Us - Point of View Technology e.K.","robots":{"index":"index","follow":"follow","max-snippet":"max-snippet:-1","max-image-preview":"max-image-preview:large","max-video-preview":"max-video-preview:-1"},"canonical":"https:\/\/pov-tec.de\/?page_id=20","og_locale":"de_DE","og_type":"article","og_title":"Contact Us - Point of View Technology e.K.","og_description":"Nehmen Sie Kontakt auf Wir k\u00fcmmern uns schnellst m\u00f6glich um Ihr anliegen Adresse: Alte Traubinger Stra\u00dfe 17 82340 Garatshausen Telefon:\u00a0 +49 89 269 49 400 Email:\u00a0\u00a0\u00a0 \u00a0 kontakt@pov-tec.de","og_url":"https:\/\/pov-tec.de\/?page_id=20","og_site_name":"Point of View Technology e.K.","article_modified_time":"2024-04-17T12:36:13+00:00","og_image":[{"url":"https:\/\/pov-tec.de\/wp-content\/uploads\/2022\/05\/raisting-3930778-scaled-e1653658901261-768x510.webp"}],"twitter_card":"summary_large_image","twitter_misc":{"Gesch\u00e4tzte Lesezeit":"1\u00a0Minute"},"schema":{"@context":"https:\/\/schema.org","@graph":[{"@type":"WebPage","@id":"https:\/\/pov-tec.de\/?page_id=20","url":"https:\/\/pov-tec.de\/?page_id=20","name":"Contact Us - Point of View Technology e.K.","isPartOf":{"@id":"https:\/\/pov-tec.de\/#website"},"primaryImageOfPage":{"@id":"https:\/\/pov-tec.de\/?page_id=20#primaryimage"},"image":{"@id":"https:\/\/pov-tec.de\/?page_id=20#primaryimage"},"thumbnailUrl":"https:\/\/pov-tec.de\/wp-content\/uploads\/2022\/05\/raisting-3930778-scaled-e1653658901261-768x510.webp","datePublished":"2022-05-26T18:36:41+00:00","dateModified":"2024-04-17T12:36:13+00:00","breadcrumb":{"@id":"https:\/\/pov-tec.de\/?page_id=20#breadcrumb"},"inLanguage":"de","potentialAction":[{"@type":"ReadAction","target":["https:\/\/pov-tec.de\/?page_id=20"]}]},{"@type":"ImageObject","inLanguage":"de","@id":"https:\/\/pov-tec.de\/?page_id=20#primaryimage","url":"https:\/\/pov-tec.de\/wp-content\/uploads\/2022\/05\/raisting-3930778-scaled-e1653658901261-768x510.webp","contentUrl":"https:\/\/pov-tec.de\/wp-content\/uploads\/2022\/05\/raisting-3930778-scaled-e1653658901261-768x510.webp"},{"@type":"BreadcrumbList","@id":"https:\/\/pov-tec.de\/?page_id=20#breadcrumb","itemListElement":[{"@type":"ListItem","position":1,"name":"Startseite","item":"https:\/\/pov-tec.de\/"},{"@type":"ListItem","position":2,"name":"Contact Us"}]},{"@type":"WebSite","@id":"https:\/\/pov-tec.de\/#website","url":"https:\/\/pov-tec.de\/","name":"Point of View Technology e.K.","description":"Ihr IT Partner aus dem Oberland","publisher":{"@id":"https:\/\/pov-tec.de\/#organization"},"potentialAction":[{"@type":"SearchAction","target":{"@type":"EntryPoint","urlTemplate":"https:\/\/pov-tec.de\/?s={search_term_string}"},"query-input":"required name=search_term_string"}],"inLanguage":"de"},{"@type":"Organization","@id":"https:\/\/pov-tec.de\/#organization","name":"Point of View Technology","url":"https:\/\/pov-tec.de\/","logo":{"@type":"ImageObject","inLanguage":"de","@id":"https:\/\/pov-tec.de\/#\/schema\/logo\/image\/","url":"https:\/\/pov-tec.de\/wp-content\/uploads\/2022\/05\/logo-horizont-black.svg","contentUrl":"https:\/\/pov-tec.de\/wp-content\/uploads\/2022\/05\/logo-horizont-black.svg","width":1,"height":1,"caption":"Point of View Technology"},"image":{"@id":"https:\/\/pov-tec.de\/#\/schema\/logo\/image\/"}}]}},"_links":{"self":[{"href":"https:\/\/pov-tec.de\/index.php?rest_route=\/wp\/v2\/pages\/20"}],"collection":[{"href":"https:\/\/pov-tec.de\/index.php?rest_route=\/wp\/v2\/pages"}],"about":[{"href":"https:\/\/pov-tec.de\/index.php?rest_route=\/wp\/v2\/types\/page"}],"author":[{"embeddable":true,"href":"https:\/\/pov-tec.de\/index.php?rest_route=\/wp\/v2\/users\/1"}],"replies":[{"embeddable":true,"href":"https:\/\/pov-tec.de\/index.php?rest_route=%2Fwp%2Fv2%2Fcomments&post=20"}],"version-history":[{"count":54,"href":"https:\/\/pov-tec.de\/index.php?rest_route=\/wp\/v2\/pages\/20\/revisions"}],"predecessor-version":[{"id":707,"href":"https:\/\/pov-tec.de\/index.php?rest_route=\/wp\/v2\/pages\/20\/revisions\/707"}],"wp:attachment":[{"href":"https:\/\/pov-tec.de\/index.php?rest_route=%2Fwp%2Fv2%2Fmedia&parent=20"}],"curies":[{"name":"wp","href":"https:\/\/api.w.org\/{rel}","templated":true}]}}